{"id":531,"date":"2018-11-26T12:46:44","date_gmt":"2018-11-26T12:46:44","guid":{"rendered":"https:\/\/triadeautomacao.com\/?page_id=531"},"modified":"2023-02-20T03:40:04","modified_gmt":"2023-02-20T03:40:04","slug":"projetos","status":"publish","type":"page","link":"https:\/\/triadetecnoin.com.br\/?page_id=531","title":{"rendered":"Projetos"},"content":{"rendered":"\t\t<div data-elementor-type=\"wp-post\" data-elementor-id=\"531\" class=\"elementor elementor-531\">\n\t\t\t\t\t\t<section class=\"elementor-section elementor-top-section elementor-element elementor-element-7d0b1fd elementor-section-content-middle elementor-section-boxed elementor-section-height-default elementor-section-height-default\" data-id=\"7d0b1fd\" data-element_type=\"section\" data-settings=\"{&quot;background_background&quot;:&quot;classic&quot;}\">\n\t\t\t\t\t\t\t<div class=\"elementor-background-overlay\"><\/div>\n\t\t\t\t\t\t\t<div class=\"elementor-container elementor-column-gap-no\">\n\t\t\t\t\t<div class=\"elementor-column elementor-col-100 elementor-top-column elementor-element elementor-element-2365ee4d\" data-id=\"2365ee4d\" data-element_type=\"column\">\n\t\t\t<div class=\"elementor-widget-wrap elementor-element-populated\">\n\t\t\t\t\t\t<div class=\"elementor-element elementor-element-3e363d46 elementor-widget elementor-widget-heading\" data-id=\"3e363d46\" data-element_type=\"widget\" data-widget_type=\"heading.default\">\n\t\t\t\t<div class=\"elementor-widget-container\">\n\t\t\t\t\t<h1 class=\"elementor-heading-title elementor-size-default\">Projetos<\/h1>\t\t\t\t<\/div>\n\t\t\t\t<\/div>\n\t\t\t\t\t<\/div>\n\t\t<\/div>\n\t\t\t\t\t<\/div>\n\t\t<\/section>\n\t\t\t\t<section class=\"elementor-section elementor-top-section elementor-element elementor-element-695b2b0f elementor-section-content-top elementor-section-boxed elementor-section-height-default elementor-section-height-default\" data-id=\"695b2b0f\" data-element_type=\"section\" data-settings=\"{&quot;background_background&quot;:&quot;classic&quot;}\">\n\t\t\t\t\t\t<div class=\"elementor-container elementor-column-gap-no\">\n\t\t\t\t\t<div class=\"elementor-column elementor-col-50 elementor-top-column elementor-element elementor-element-43d414b9\" data-id=\"43d414b9\" data-element_type=\"column\">\n\t\t\t<div class=\"elementor-widget-wrap elementor-element-populated\">\n\t\t\t\t\t\t<div class=\"elementor-element elementor-element-2999a38a elementor-widget elementor-widget-image\" data-id=\"2999a38a\" data-element_type=\"widget\" data-widget_type=\"image.default\">\n\t\t\t\t<div class=\"elementor-widget-container\">\n\t\t\t\t\t\t\t\t\t\t\t\t\t\t\t<img fetchpriority=\"high\" decoding=\"async\" width=\"1200\" height=\"800\" src=\"https:\/\/triadetecnoin.com.br\/wp-content\/uploads\/2023\/02\/maca.jpg\" class=\"attachment-full size-full wp-image-686\" alt=\"\" srcset=\"https:\/\/triadetecnoin.com.br\/wp-content\/uploads\/2023\/02\/maca.jpg 1200w, https:\/\/triadetecnoin.com.br\/wp-content\/uploads\/2023\/02\/maca-300x200.jpg 300w, https:\/\/triadetecnoin.com.br\/wp-content\/uploads\/2023\/02\/maca-1024x683.jpg 1024w, https:\/\/triadetecnoin.com.br\/wp-content\/uploads\/2023\/02\/maca-768x512.jpg 768w\" sizes=\"(max-width: 1200px) 100vw, 1200px\" \/>\t\t\t\t\t\t\t\t\t\t\t\t\t\t\t<\/div>\n\t\t\t\t<\/div>\n\t\t\t\t<div class=\"elementor-element elementor-element-65a46ba6 elementor-widget elementor-widget-heading\" data-id=\"65a46ba6\" data-element_type=\"widget\" data-widget_type=\"heading.default\">\n\t\t\t\t<div class=\"elementor-widget-container\">\n\t\t\t\t\t<h4 class=\"elementor-heading-title elementor-size-default\">Automa\u00e7\u00e3o Industrial para Ind\u00fastrias Aliment\u00edcias<\/h4>\t\t\t\t<\/div>\n\t\t\t\t<\/div>\n\t\t\t\t<div class=\"elementor-element elementor-element-2922c6da elementor-widget elementor-widget-text-editor\" data-id=\"2922c6da\" data-element_type=\"widget\" data-widget_type=\"text-editor.default\">\n\t\t\t\t<div class=\"elementor-widget-container\">\n\t\t\t\t\t\t\t\t\t<ol><li>Desenvolvimento de linhas de produ\u00e7\u00e3o automatizadas, garantindo maior efici\u00eancia e produtividade nos processos industriais.<\/li><li>Adequa\u00e7\u00e3o de processos industriais para atender \u00e0s normas t\u00e9cnicas, como a NR12. Contamos com profissionais experientes e capacitados para garantir a seguran\u00e7a dos trabalhadores e a conformidade com as normas vigentes.<\/li><li>Ado\u00e7\u00e3o de sistemas de monitoramento e controle de \u00faltima gera\u00e7\u00e3o para garantir a seguran\u00e7a dos espa\u00e7os e das pessoas.<\/li><li>Redu\u00e7\u00e3o de custos e desperd\u00edcios, aumentando a lucratividade das ind\u00fastrias.<\/li><\/ol>\t\t\t\t\t\t\t\t<\/div>\n\t\t\t\t<\/div>\n\t\t\t\t\t<\/div>\n\t\t<\/div>\n\t\t\t\t<div class=\"elementor-column elementor-col-50 elementor-top-column elementor-element elementor-element-479f1207\" data-id=\"479f1207\" data-element_type=\"column\">\n\t\t\t<div class=\"elementor-widget-wrap elementor-element-populated\">\n\t\t\t\t\t\t<div class=\"elementor-element elementor-element-1c138690 elementor-widget elementor-widget-image\" data-id=\"1c138690\" data-element_type=\"widget\" data-widget_type=\"image.default\">\n\t\t\t\t<div class=\"elementor-widget-container\">\n\t\t\t\t\t\t\t\t\t\t\t\t\t\t\t<img decoding=\"async\" width=\"626\" height=\"419\" src=\"https:\/\/triadetecnoin.com.br\/wp-content\/uploads\/2023\/02\/farmaceutica.jpg\" class=\"attachment-full size-full wp-image-687\" alt=\"\" srcset=\"https:\/\/triadetecnoin.com.br\/wp-content\/uploads\/2023\/02\/farmaceutica.jpg 626w, https:\/\/triadetecnoin.com.br\/wp-content\/uploads\/2023\/02\/farmaceutica-300x201.jpg 300w\" sizes=\"(max-width: 626px) 100vw, 626px\" \/>\t\t\t\t\t\t\t\t\t\t\t\t\t\t\t<\/div>\n\t\t\t\t<\/div>\n\t\t\t\t<div class=\"elementor-element elementor-element-659e6e22 elementor-widget elementor-widget-heading\" data-id=\"659e6e22\" data-element_type=\"widget\" data-widget_type=\"heading.default\">\n\t\t\t\t<div class=\"elementor-widget-container\">\n\t\t\t\t\t<h4 class=\"elementor-heading-title elementor-size-default\">Automa\u00e7\u00e3o Industrial para Ind\u00fastrias Farmac\u00eauticas<\/h4>\t\t\t\t<\/div>\n\t\t\t\t<\/div>\n\t\t\t\t<div class=\"elementor-element elementor-element-61fbbb60 elementor-widget elementor-widget-text-editor\" data-id=\"61fbbb60\" data-element_type=\"widget\" data-widget_type=\"text-editor.default\">\n\t\t\t\t<div class=\"elementor-widget-container\">\n\t\t\t\t\t\t\t\t\t<ol><li>Desenvolvimento de linhas de produ\u00e7\u00e3o automatizadas, garantindo a precis\u00e3o e seguran\u00e7a dos processos industriais.<\/li><li>Utiliza\u00e7\u00e3o de equipamentos de alta tecnologia para a manipula\u00e7\u00e3o e produ\u00e7\u00e3o de medicamentos e outros produtos farmac\u00eauticos.<\/li><li>Ado\u00e7\u00e3o de sistemas de monitoramento e controle rigorosos para garantir a qualidade dos produtos e a seguran\u00e7a dos espa\u00e7os e das pessoas.<\/li><li>Redu\u00e7\u00e3o de custos e aumento da produtividade, permitindo a produ\u00e7\u00e3o em larga escala com m\u00e1xima efici\u00eancia.<\/li><\/ol>\t\t\t\t\t\t\t\t<\/div>\n\t\t\t\t<\/div>\n\t\t\t\t\t<\/div>\n\t\t<\/div>\n\t\t\t\t\t<\/div>\n\t\t<\/section>\n\t\t\t\t<section class=\"elementor-section elementor-top-section elementor-element elementor-element-5765c148 elementor-section-content-top elementor-section-boxed elementor-section-height-default elementor-section-height-default\" data-id=\"5765c148\" data-element_type=\"section\" data-settings=\"{&quot;background_background&quot;:&quot;classic&quot;}\">\n\t\t\t\t\t\t<div class=\"elementor-container elementor-column-gap-no\">\n\t\t\t\t\t<div class=\"elementor-column elementor-col-50 elementor-top-column elementor-element elementor-element-52d4d70b\" data-id=\"52d4d70b\" data-element_type=\"column\">\n\t\t\t<div class=\"elementor-widget-wrap elementor-element-populated\">\n\t\t\t\t\t\t<div class=\"elementor-element elementor-element-6a4ef52a elementor-widget elementor-widget-image\" data-id=\"6a4ef52a\" data-element_type=\"widget\" data-widget_type=\"image.default\">\n\t\t\t\t<div class=\"elementor-widget-container\">\n\t\t\t\t\t\t\t\t\t\t\t\t\t\t\t<img decoding=\"async\" width=\"1200\" height=\"648\" src=\"https:\/\/triadetecnoin.com.br\/wp-content\/uploads\/2023\/02\/instalacao-eletrica-predial.jpg\" class=\"attachment-full size-full wp-image-688\" alt=\"\" srcset=\"https:\/\/triadetecnoin.com.br\/wp-content\/uploads\/2023\/02\/instalacao-eletrica-predial.jpg 1200w, https:\/\/triadetecnoin.com.br\/wp-content\/uploads\/2023\/02\/instalacao-eletrica-predial-300x162.jpg 300w, https:\/\/triadetecnoin.com.br\/wp-content\/uploads\/2023\/02\/instalacao-eletrica-predial-1024x553.jpg 1024w, https:\/\/triadetecnoin.com.br\/wp-content\/uploads\/2023\/02\/instalacao-eletrica-predial-768x415.jpg 768w\" sizes=\"(max-width: 1200px) 100vw, 1200px\" \/>\t\t\t\t\t\t\t\t\t\t\t\t\t\t\t<\/div>\n\t\t\t\t<\/div>\n\t\t\t\t<div class=\"elementor-element elementor-element-7fb3834f elementor-widget elementor-widget-heading\" data-id=\"7fb3834f\" data-element_type=\"widget\" data-widget_type=\"heading.default\">\n\t\t\t\t<div class=\"elementor-widget-container\">\n\t\t\t\t\t<h4 class=\"elementor-heading-title elementor-size-default\">Servi\u00e7os de instala\u00e7\u00f5es el\u00e9tricas residenciais, prediais e industriais e adequa\u00e7\u00e3o \u00e0s normas t\u00e9cnicas.<\/h4>\t\t\t\t<\/div>\n\t\t\t\t<\/div>\n\t\t\t\t<div class=\"elementor-element elementor-element-cf4ffec elementor-widget elementor-widget-text-editor\" data-id=\"cf4ffec\" data-element_type=\"widget\" data-widget_type=\"text-editor.default\">\n\t\t\t\t<div class=\"elementor-widget-container\">\n\t\t\t\t\t\t\t\t\t<p>Oferecemos solu\u00e7\u00f5es em instala\u00e7\u00f5es el\u00e9tricas residenciais, prediais e industriais, desde o projeto at\u00e9 a execu\u00e7\u00e3o e manuten\u00e7\u00e3o. Contamos com uma equipe de engenheiros e t\u00e9cnicos especializados, garantindo a qualidade e seguran\u00e7a das instala\u00e7\u00f5es.<\/p><p>Realizamos laudos e adequa\u00e7\u00f5es el\u00e9tricas para atender as normas t\u00e9cnicas vigentes, como a NR-10 e NR-12, visando a seguran\u00e7a das pessoas e o bom funcionamento dos equipamentos.<\/p>\t\t\t\t\t\t\t\t<\/div>\n\t\t\t\t<\/div>\n\t\t\t\t\t<\/div>\n\t\t<\/div>\n\t\t\t\t<div class=\"elementor-column elementor-col-50 elementor-top-column elementor-element elementor-element-508673ec\" data-id=\"508673ec\" data-element_type=\"column\">\n\t\t\t<div class=\"elementor-widget-wrap elementor-element-populated\">\n\t\t\t\t\t\t<div class=\"elementor-element elementor-element-5a9c6e27 elementor-widget elementor-widget-image\" data-id=\"5a9c6e27\" data-element_type=\"widget\" data-widget_type=\"image.default\">\n\t\t\t\t<div class=\"elementor-widget-container\">\n\t\t\t\t\t\t\t\t\t\t\t\t\t\t\t<img loading=\"lazy\" decoding=\"async\" width=\"692\" height=\"461\" src=\"https:\/\/triadetecnoin.com.br\/wp-content\/uploads\/2023\/02\/vigilancia-e-monitoramento-em-industrias-692x461-1.jpg\" class=\"attachment-full size-full wp-image-689\" alt=\"\" srcset=\"https:\/\/triadetecnoin.com.br\/wp-content\/uploads\/2023\/02\/vigilancia-e-monitoramento-em-industrias-692x461-1.jpg 692w, https:\/\/triadetecnoin.com.br\/wp-content\/uploads\/2023\/02\/vigilancia-e-monitoramento-em-industrias-692x461-1-300x200.jpg 300w\" sizes=\"(max-width: 692px) 100vw, 692px\" \/>\t\t\t\t\t\t\t\t\t\t\t\t\t\t\t<\/div>\n\t\t\t\t<\/div>\n\t\t\t\t<div class=\"elementor-element elementor-element-5feb3576 elementor-widget elementor-widget-heading\" data-id=\"5feb3576\" data-element_type=\"widget\" data-widget_type=\"heading.default\">\n\t\t\t\t<div class=\"elementor-widget-container\">\n\t\t\t\t\t<h4 class=\"elementor-heading-title elementor-size-default\">Seguran\u00e7a patrimonial<\/h4>\t\t\t\t<\/div>\n\t\t\t\t<\/div>\n\t\t\t\t<div class=\"elementor-element elementor-element-a91ca0b elementor-widget elementor-widget-text-editor\" data-id=\"a91ca0b\" data-element_type=\"widget\" data-widget_type=\"text-editor.default\">\n\t\t\t\t<div class=\"elementor-widget-container\">\n\t\t\t\t\t\t\t\t\t<p>Nossa equipe desenvolve e implementa solu\u00e7\u00f5es personalizadas para garantir a seguran\u00e7a patrimonial de empresas e condom\u00ednios, utilizando tecnologias de ponta e estrat\u00e9gias eficazes.\u00a0<\/p><p>Nosso trabalho inclui desde o projeto at\u00e9 a instala\u00e7\u00e3o, manuten\u00e7\u00e3o e atualiza\u00e7\u00e3o dos sistemas de seguran\u00e7a, sempre em conformidade com as normas t\u00e9cnicas e regulamenta\u00e7\u00f5es vigentes. Com uma equipe de profissionais altamente capacitados, garantimos a qualidade e efici\u00eancia dos nossos servi\u00e7os.<\/p>\t\t\t\t\t\t\t\t<\/div>\n\t\t\t\t<\/div>\n\t\t\t\t\t<\/div>\n\t\t<\/div>\n\t\t\t\t\t<\/div>\n\t\t<\/section>\n\t\t\t\t<section class=\"elementor-section elementor-top-section elementor-element elementor-element-424aa8f8 elementor-section-boxed elementor-section-height-default elementor-section-height-default\" data-id=\"424aa8f8\" data-element_type=\"section\" data-settings=\"{&quot;background_background&quot;:&quot;classic&quot;}\">\n\t\t\t\t\t\t<div class=\"elementor-container elementor-column-gap-default\">\n\t\t\t\t\t<div class=\"elementor-column elementor-col-100 elementor-top-column elementor-element elementor-element-404eac3f\" data-id=\"404eac3f\" data-element_type=\"column\">\n\t\t\t<div class=\"elementor-widget-wrap elementor-element-populated\">\n\t\t\t\t\t\t<div class=\"elementor-element elementor-element-34975a22 elementor-widget elementor-widget-heading\" data-id=\"34975a22\" data-element_type=\"widget\" data-widget_type=\"heading.default\">\n\t\t\t\t<div class=\"elementor-widget-container\">\n\t\t\t\t\t<h3 class=\"elementor-heading-title elementor-size-default\">Precisa de Ajuda com Solu\u00e7\u00f5es em Automa\u00e7\u00e3o Industrial? Conte Conosco!<\/h3>\t\t\t\t<\/div>\n\t\t\t\t<\/div>\n\t\t\t\t\t<\/div>\n\t\t<\/div>\n\t\t\t\t\t<\/div>\n\t\t<\/section>\n\t\t\t\t<\/div>\n\t\t","protected":false},"excerpt":{"rendered":"<p>Projetos Automa\u00e7\u00e3o Industrial para Ind\u00fastrias Aliment\u00edcias Desenvolvimento de linhas de produ\u00e7\u00e3o automatizadas, garantindo maior efici\u00eancia e produtividade nos processos industriais. Adequa\u00e7\u00e3o de processos industriais para atender \u00e0s normas t\u00e9cnicas, como a NR12. Contamos com profissionais experientes e capacitados para garantir a seguran\u00e7a dos trabalhadores e a conformidade com as normas vigentes. Ado\u00e7\u00e3o de sistemas de &hellip;<\/p>\n<p class=\"read-more\"> <a class=\"\" href=\"https:\/\/triadetecnoin.com.br\/?page_id=531\"> <span class=\"screen-reader-text\">Projetos<\/span> Read More &raquo;<\/a><\/p>\n","protected":false},"author":1,"featured_media":0,"parent":0,"menu_order":0,"comment_status":"closed","ping_status":"closed","template":"","meta":{"om_disable_all_campaigns":false,"_monsterinsights_skip_tracking":false,"_monsterinsights_sitenote_active":false,"_monsterinsights_sitenote_note":"","_monsterinsights_sitenote_category":0,"site-sidebar-layout":"no-sidebar","site-content-layout":"page-builder","ast-main-header-display":"","ast-hfb-above-header-display":"","ast-hfb-below-header-display":"","ast-hfb-mobile-header-display":"","site-post-title":"disabled","ast-breadcrumbs-content":"","ast-featured-img":"disabled","footer-sml-layout":"","theme-transparent-header-meta":"enabled","adv-header-id-meta":"","stick-header-meta":"","header-above-stick-meta":"","header-main-stick-meta":"","header-below-stick-meta":"","footnotes":""},"class_list":["post-531","page","type-page","status-publish","hentry"],"_links":{"self":[{"href":"https:\/\/triadetecnoin.com.br\/index.php?rest_route=\/wp\/v2\/pages\/531","targetHints":{"allow":["GET"]}}],"collection":[{"href":"https:\/\/triadetecnoin.com.br\/index.php?rest_route=\/wp\/v2\/pages"}],"about":[{"href":"https:\/\/triadetecnoin.com.br\/index.php?rest_route=\/wp\/v2\/types\/page"}],"author":[{"embeddable":true,"href":"https:\/\/triadetecnoin.com.br\/index.php?rest_route=\/wp\/v2\/users\/1"}],"replies":[{"embeddable":true,"href":"https:\/\/triadetecnoin.com.br\/index.php?rest_route=%2Fwp%2Fv2%2Fcomments&post=531"}],"version-history":[{"count":16,"href":"https:\/\/triadetecnoin.com.br\/index.php?rest_route=\/wp\/v2\/pages\/531\/revisions"}],"predecessor-version":[{"id":693,"href":"https:\/\/triadetecnoin.com.br\/index.php?rest_route=\/wp\/v2\/pages\/531\/revisions\/693"}],"wp:attachment":[{"href":"https:\/\/triadetecnoin.com.br\/index.php?rest_route=%2Fwp%2Fv2%2Fmedia&parent=531"}],"curies":[{"name":"wp","href":"https:\/\/api.w.org\/{rel}","templated":true}]}}